{"id":1344,"date":"2018-11-20T14:56:04","date_gmt":"2018-11-20T14:56:04","guid":{"rendered":"https:\/\/lavaletteperigord.com\/?page_id=1344"},"modified":"2018-11-20T16:49:26","modified_gmt":"2018-11-20T16:49:26","slug":"gite-caractere-dordogne-perigord","status":"publish","type":"page","link":"https:\/\/lavaletteperigord.com\/de\/gite-caractere-dordogne-perigord\/","title":{"rendered":"(Fran\u00e7ais) G\u00eete de caract\u00e8re Dordogne P\u00e9rigord"},"content":{"rendered":"<p class=\"qtranxs-available-languages-message qtranxs-available-languages-message-de\">Leider ist der Eintrag nur auf <a href=\"https:\/\/lavaletteperigord.com\/fr\/wp-json\/wp\/v2\/pages\/1344\" class=\"qtranxs-available-language-link qtranxs-available-language-link-fr\" title=\"Fran\u00e7ais\">Fran\u00e7ais<\/a> verf\u00fcgbar.<\/p>","protected":false},"excerpt":{"rendered":"<p>Leider ist der Eintrag nur auf Fran\u00e7ais verf\u00fcgbar.<\/p>\n","protected":false},"author":3,"featured_media":0,"parent":0,"menu_order":0,"comment_status":"closed","ping_status":"closed","template":"","meta":{"inline_featured_image":false,"footnotes":""},"class_list":["post-1344","page","type-page","status-publish","hentry"],"_links":{"self":[{"href":"https:\/\/lavaletteperigord.com\/de\/wp-json\/wp\/v2\/pages\/1344","targetHints":{"allow":["GET"]}}],"collection":[{"href":"https:\/\/lavaletteperigord.com\/de\/wp-json\/wp\/v2\/pages"}],"about":[{"href":"https:\/\/lavaletteperigord.com\/de\/wp-json\/wp\/v2\/types\/page"}],"author":[{"embeddable":true,"href":"https:\/\/lavaletteperigord.com\/de\/wp-json\/wp\/v2\/users\/3"}],"replies":[{"embeddable":true,"href":"https:\/\/lavaletteperigord.com\/de\/wp-json\/wp\/v2\/comments?post=1344"}],"version-history":[{"count":6,"href":"https:\/\/lavaletteperigord.com\/de\/wp-json\/wp\/v2\/pages\/1344\/revisions"}],"predecessor-version":[{"id":1388,"href":"https:\/\/lavaletteperigord.com\/de\/wp-json\/wp\/v2\/pages\/1344\/revisions\/1388"}],"wp:attachment":[{"href":"https:\/\/lavaletteperigord.com\/de\/wp-json\/wp\/v2\/media?parent=1344"}],"curies":[{"name":"wp","href":"https:\/\/api.w.org\/{rel}","templated":true}]}}