{"id":23,"date":"2018-02-07T11:01:52","date_gmt":"2018-02-07T11:01:52","guid":{"rendered":"http:\/\/lavalette.lewebfrancais.fr\/?page_id=23"},"modified":"2024-04-22T20:34:38","modified_gmt":"2024-04-22T20:34:38","slug":"gites-charme","status":"publish","type":"page","link":"https:\/\/lavaletteperigord.com\/de\/gites-charme\/","title":{"rendered":"Stilvolle Ferienh\u00e4user"},"content":{"rendered":"[vc_row type=&#8220;in_container&#8220; full_screen_row_position=&#8220;middle&#8220; scene_position=&#8220;center&#8220; text_color=&#8220;dark&#8220; text_align=&#8220;left&#8220; overlay_strength=&#8220;0.3&#8243; shape_divider_position=&#8220;bottom&#8220;][vc_column column_padding=&#8220;no-extra-padding&#8220; column_padding_position=&#8220;all&#8220; background_color_opacity=&#8220;1&#8243; background_hover_color_opacity=&#8220;1&#8243; column_shadow=&#8220;none&#8220; column_border_radius=&#8220;none&#8220; width=&#8220;1\/6&#8243; tablet_text_alignment=&#8220;default&#8220; phone_text_alignment=&#8220;default&#8220; column_border_width=&#8220;none&#8220; column_border_style=&#8220;solid&#8220;][\/vc_column][vc_column column_padding=&#8220;no-extra-padding&#8220; column_padding_position=&#8220;all&#8220; background_color_opacity=&#8220;1&#8243; background_hover_color_opacity=&#8220;1&#8243; column_shadow=&#8220;none&#8220; column_border_radius=&#8220;none&#8220; width=&#8220;2\/3&#8243; tablet_text_alignment=&#8220;default&#8220; phone_text_alignment=&#8220;default&#8220; column_border_width=&#8220;none&#8220; column_border_style=&#8220;solid&#8220;]<div class=\"divider-wrap\"><div style=\"height: 96px;\" class=\"divider\"><\/div><\/div>[vc_column_text]\n<p style=\"text-align: center;\"><span style=\"color: #000000;\">Alle Ferienh\u00e4user von Domaine de La Valette sind wunderbar einladend gestaltet und hervorragend ausgestattet. Und doch besitzt jedes sein ganz eigenes Flair. Die komfortable Ausstattung b\u00fcrgt f\u00fcr einen sorglosen, entspannenden Aufenthalt in der Dordogne.<\/span><\/p>\n<p style=\"text-align: center;\"><span style=\"color: #000000;\">Die alten Bauernhofgeb\u00e4ude wurden restauriert und in stilvolle Ferienh\u00e4user verwandelt. Es handelt sich um drei aneinandergrenzende H\u00e4user ( <a href=\"\/de\/gites-charme\/lavande\">Lavande<\/a>, <a href=\"\/de\/gites-charme\/romance\">Romance<\/a> &amp; <a href=\"\/de\/gites-charme\/tour-blanche\">La Tour Blanche<\/a>) und drei freistehende H\u00e4user ( <a href=\"\/de\/gites-charme\/cedres\">Les C\u00e8dres<\/a>, <a href=\"\/de\/gites-charme\/rosiers\">Les Rosiers<\/a> und <a href=\"\/de\/gites-charme\/ferme-cante-cocu\">La Ferme Cante Cocu<\/a>).\u00a0<\/span><\/p>\n<p style=\"text-align: center;\"><span style=\"color: #000000;\">Naturstein, altes Geb\u00e4lk, Kamine aus dem 17. Jahrhundert, Sichtmauerwerk, Terrakotta-B\u00f6den, alte M\u00f6bel und Dekorationsgegenst\u00e4nde \u2013 alle H\u00e4user sind sehr ger\u00e4umig, sorgf\u00e4ltig eingerichtet und liebevoll dekoriert. Jedes Detail z\u00e4hlt.<\/span><\/p>\n[\/vc_column_text]<div class=\"divider-wrap\"><div style=\"height: 96px;\" class=\"divider\"><\/div><\/div>[\/vc_column][vc_column column_padding=&#8220;no-extra-padding&#8220; column_padding_position=&#8220;all&#8220; background_color_opacity=&#8220;1&#8243; background_hover_color_opacity=&#8220;1&#8243; column_shadow=&#8220;none&#8220; column_border_radius=&#8220;none&#8220; width=&#8220;1\/6&#8243; tablet_text_alignment=&#8220;default&#8220; phone_text_alignment=&#8220;default&#8220; column_border_width=&#8220;none&#8220; column_border_style=&#8220;solid&#8220;][\/vc_column][\/vc_row][vc_row type=&#8220;full_width_content&#8220; full_screen_row_position=&#8220;middle&#8220; equal_height=&#8220;yes&#8220; content_placement=&#8220;middle&#8220; scene_position=&#8220;center&#8220; text_color=&#8220;dark&#8220; text_align=&#8220;left&#8220; overlay_strength=&#8220;0.3&#8243; shape_divider_position=&#8220;bottom&#8220; shape_type=&#8220;&#8220;][vc_column column_padding=&#8220;no-extra-padding&#8220; column_padding_position=&#8220;all&#8220; background_color_opacity=&#8220;1&#8243; background_hover_color_opacity=&#8220;1&#8243; column_shadow=&#8220;none&#8220; column_border_radius=&#8220;none&#8220; width=&#8220;1\/1&#8243; tablet_text_alignment=&#8220;default&#8220; phone_text_alignment=&#8220;default&#8220; column_border_width=&#8220;none&#8220; column_border_style=&#8220;solid&#8220;][vc_row_inner equal_height=&#8220;yes&#8220; content_placement=&#8220;middle&#8220; column_margin=&#8220;default&#8220; text_align=&#8220;left&#8220;][vc_column_inner column_padding=&#8220;padding-1-percent&#8220; column_padding_position=&#8220;all&#8220; background_color_opacity=&#8220;1&#8243; background_hover_color_opacity=&#8220;1&#8243; column_shadow=&#8220;none&#8220; column_border_radius=&#8220;none&#8220; width=&#8220;1\/3&#8243; column_border_width=&#8220;none&#8220; column_border_style=&#8220;solid&#8220;][nectar_flip_box image_url_1=&#8220;849&#8243; bg_color=&#8220;#383838&#8243; bg_color_overlay=&#8220;true&#8220; text_color=&#8220;light&#8220; icon_color=&#8220;Accent-Color&#8220; bg_color_2=&#8220;#495c59&#8243; text_color_2=&#8220;light&#8220; h_text_align=&#8220;center&#8220; v_text_align=&#8220;center&#8220; flip_direction=&#8220;horizontal-to-left&#8220; front_content=&#8220;<\/p>\n<h3>Les C\u00e8dres<\/h3>\n<p>&#8220; min_height=&#8220;400&#8243;]\n<h4>freistehendes, authentisches Haus<\/h4>\n<p>130 m2<\/p>\n<p>1 \u00e0 6 personen<\/p>\n<p><a href=\"\/les-chambres-et-maisons\/cedres\/\"><span class=\"viewmore\">Entdecken<\/span><\/a>[\/nectar_flip_box][\/vc_column_inner][vc_column_inner column_padding=&#8220;padding-1-percent&#8220; column_padding_position=&#8220;all&#8220; background_color_opacity=&#8220;1&#8243; background_hover_color_opacity=&#8220;1&#8243; column_shadow=&#8220;none&#8220; column_border_radius=&#8220;none&#8220; width=&#8220;1\/3&#8243; column_border_width=&#8220;none&#8220; column_border_style=&#8220;solid&#8220;][nectar_flip_box image_url_1=&#8220;865&#8243; bg_color=&#8220;#383838&#8243; bg_color_overlay=&#8220;true&#8220; text_color=&#8220;light&#8220; icon_color=&#8220;Accent-Color&#8220; bg_color_2=&#8220;#495c59&#8243; text_color_2=&#8220;light&#8220; h_text_align=&#8220;center&#8220; v_text_align=&#8220;center&#8220; flip_direction=&#8220;horizontal-to-left&#8220; front_content=&#8220;<\/p>\n<h3>Les Rosiers<\/h3>\n<p>&#8220; min_height=&#8220;400&#8243;]\n<h4>freistehendes, authentisches Haus<\/h4>\n<p>60 m2<\/p>\n<p>1 \u00e0 4 personen<\/p>\n<p><a href=\"\/les-chambres-et-maisons\/les-rosiers\/\"><span class=\"viewmore\">Entdecken<\/span><\/a>[\/nectar_flip_box][\/vc_column_inner][vc_column_inner column_padding=&#8220;padding-1-percent&#8220; column_padding_position=&#8220;all&#8220; background_color_opacity=&#8220;1&#8243; background_hover_color_opacity=&#8220;1&#8243; column_shadow=&#8220;none&#8220; column_border_radius=&#8220;none&#8220; width=&#8220;1\/3&#8243; column_border_width=&#8220;none&#8220; column_border_style=&#8220;solid&#8220;][nectar_flip_box image_url_1=&#8220;857&#8243; bg_color=&#8220;#383838&#8243; bg_color_overlay=&#8220;true&#8220; text_color=&#8220;light&#8220; icon_color=&#8220;Accent-Color&#8220; bg_color_2=&#8220;#495c59&#8243; text_color_2=&#8220;light&#8220; h_text_align=&#8220;center&#8220; v_text_align=&#8220;center&#8220; flip_direction=&#8220;horizontal-to-left&#8220; front_content=&#8220;<\/p>\n<h3>Lavande<\/h3>\n<p>&#8220; min_height=&#8220;400&#8243;]\n<h4>nicht freistehendes, authentisches Haus<\/h4>\n<p>44 m2<\/p>\n<p>1 \u00e0 2 personen<\/p>\n<p><a href=\"\/les-chambres-et-maisons\/lavande\/\"><span class=\"viewmore\">Entdecken<\/span><\/a>[\/nectar_flip_box][\/vc_column_inner][\/vc_row_inner][vc_row_inner equal_height=&#8220;yes&#8220; content_placement=&#8220;middle&#8220; column_margin=&#8220;default&#8220; text_align=&#8220;left&#8220;][vc_column_inner column_padding=&#8220;padding-1-percent&#8220; column_padding_position=&#8220;all&#8220; background_color_opacity=&#8220;1&#8243; background_hover_color_opacity=&#8220;1&#8243; column_shadow=&#8220;none&#8220; column_border_radius=&#8220;none&#8220; width=&#8220;1\/3&#8243; column_border_width=&#8220;none&#8220; column_border_style=&#8220;solid&#8220;][nectar_flip_box image_url_1=&#8220;796&#8243; bg_color=&#8220;#383838&#8243; bg_color_overlay=&#8220;true&#8220; text_color=&#8220;light&#8220; icon_color=&#8220;Accent-Color&#8220; bg_color_2=&#8220;#495c59&#8243; text_color_2=&#8220;light&#8220; h_text_align=&#8220;center&#8220; v_text_align=&#8220;center&#8220; flip_direction=&#8220;horizontal-to-left&#8220; front_content=&#8220;<\/p>\n<h3>Romance<\/h3>\n<p>&#8220; min_height=&#8220;400&#8243;]\n<h4>nicht freistehendes, authentisches Haus<\/h4>\n<p>80 m2<\/p>\n<p>1 \u00e0 4 personen<br \/>\n<a href=\"\/les-chambres-et-maisons\/romance\/\"><span class=\"viewmore\">Entdecken<\/span><\/a>[\/nectar_flip_box][\/vc_column_inner][vc_column_inner column_padding=&#8220;padding-1-percent&#8220; column_padding_position=&#8220;all&#8220; background_color_opacity=&#8220;1&#8243; background_hover_color_opacity=&#8220;1&#8243; column_shadow=&#8220;none&#8220; column_border_radius=&#8220;none&#8220; width=&#8220;1\/3&#8243; column_border_width=&#8220;none&#8220; column_border_style=&#8220;solid&#8220;][nectar_flip_box image_url_1=&#8220;889&#8243; bg_color=&#8220;#383838&#8243; bg_color_overlay=&#8220;true&#8220; text_color=&#8220;light&#8220; icon_color=&#8220;Accent-Color&#8220; bg_color_2=&#8220;#495c59&#8243; text_color_2=&#8220;light&#8220; h_text_align=&#8220;center&#8220; v_text_align=&#8220;center&#8220; flip_direction=&#8220;horizontal-to-left&#8220; front_content=&#8220;<\/p>\n<h3>La Ferme Cante Cocu<\/h3>\n<p>&#8220; min_height=&#8220;400&#8243;]\n<h4>Freistehendes Natursteinhaus<\/h4>\n<p>60 m2<\/p>\n<p>1 \u00e0 4 personen<\/p>\n<p><a href=\"\/gites-charme\/cante-cocu\/\"><span class=\"viewmore\">Entdecken<\/span><\/a>[\/nectar_flip_box][\/vc_column_inner][vc_column_inner column_padding=&#8220;padding-1-percent&#8220; column_padding_position=&#8220;all&#8220; background_color_opacity=&#8220;1&#8243; background_hover_color_opacity=&#8220;1&#8243; column_shadow=&#8220;none&#8220; column_border_radius=&#8220;none&#8220; width=&#8220;1\/3&#8243; column_border_width=&#8220;none&#8220; column_border_style=&#8220;solid&#8220;][nectar_flip_box image_url_1=&#8220;826&#8243; bg_color=&#8220;#383838&#8243; bg_color_overlay=&#8220;true&#8220; text_color=&#8220;light&#8220; icon_color=&#8220;Accent-Color&#8220; bg_color_2=&#8220;#495c59&#8243; text_color_2=&#8220;light&#8220; h_text_align=&#8220;center&#8220; v_text_align=&#8220;center&#8220; flip_direction=&#8220;horizontal-to-left&#8220; front_content=&#8220;<\/p>\n<h3>La Tour Blanche<\/h3>\n<p>&#8220; min_height=&#8220;400&#8243;]\n<h4>nicht freistehendes, authentisches Haus<\/h4>\n<p>130 m2<\/p>\n<p>1 \u00e0 6 personen<\/p>\n<p><a href=\"\/gites-charme\/tour-blanche\/\"><span class=\"viewmore\">Entdecken<\/span><\/a>[\/nectar_flip_box][\/vc_column_inner][\/vc_row_inner]<div class=\"divider-wrap\"><div style=\"height: 70px;\" class=\"divider\"><\/div><\/div>[\/vc_column][\/vc_row][vc_row type=&#8220;full_width_background&#8220; full_screen_row_position=&#8220;middle&#8220; equal_height=&#8220;yes&#8220; content_placement=&#8220;middle&#8220; bg_color=&#8220;#495c59&#8243; scene_position=&#8220;center&#8220; text_color=&#8220;dark&#8220; text_align=&#8220;left&#8220; top_padding=&#8220;70&#8243; bottom_padding=&#8220;70&#8243; overlay_strength=&#8220;0.3&#8243; shape_divider_position=&#8220;bottom&#8220; shape_type=&#8220;&#8220;][vc_column column_padding=&#8220;no-extra-padding&#8220; column_padding_position=&#8220;all&#8220; background_color_opacity=&#8220;1&#8243; background_hover_color_opacity=&#8220;1&#8243; column_shadow=&#8220;none&#8220; column_border_radius=&#8220;none&#8220; width=&#8220;2\/3&#8243; tablet_text_alignment=&#8220;center&#8220; phone_text_alignment=&#8220;center&#8220; column_border_width=&#8220;none&#8220; column_border_style=&#8220;solid&#8220;][vc_custom_heading text=&#8220;Auf unserer Website&#8220; font_container=&#8220;tag:h4|text_align:left|color:%23ffffff&#8220; use_theme_fonts=&#8220;yes&#8220;][vc_column_text css=&#8220;.vc_custom_1539687811916{margin-top: 15px !important;}&#8220;]<span style=\"color: #ffffff;\">buchen Sie Ihre Ferienwohnung ohne Agentur und damit zum garantiert g\u00fcnstigsten Preis!<\/span>[\/vc_column_text][\/vc_column][vc_column column_padding=&#8220;no-extra-padding&#8220; column_padding_position=&#8220;all&#8220; background_color_opacity=&#8220;1&#8243; background_hover_color_opacity=&#8220;1&#8243; column_shadow=&#8220;none&#8220; column_border_radius=&#8220;none&#8220; width=&#8220;1\/3&#8243; tablet_text_alignment=&#8220;center&#8220; phone_text_alignment=&#8220;center&#8220; column_border_width=&#8220;none&#8220; column_border_style=&#8220;solid&#8220;][vc_row_inner column_margin=&#8220;default&#8220; text_align=&#8220;right&#8220;][vc_column_inner column_padding=&#8220;no-extra-padding&#8220; column_padding_position=&#8220;all&#8220; background_color_opacity=&#8220;1&#8243; background_hover_color_opacity=&#8220;1&#8243; column_shadow=&#8220;none&#8220; column_border_radius=&#8220;none&#8220; width=&#8220;1\/1&#8243; column_border_width=&#8220;none&#8220; column_border_style=&#8220;solid&#8220;][nectar_btn size=&#8220;large&#8220; button_style=&#8220;regular&#8220; button_color_2=&#8220;Accent-Color&#8220; color_override=&#8220;#ffffff&#8220; icon_family=&#8220;none&#8220; el_class=&#8220;book&#8220; url=&#8220;\/reserver\/&#8220; text=&#8220;Klicken Sie einfach HIER&#8220;][\/vc_column_inner][\/vc_row_inner][\/vc_column][\/vc_row][vc_row type=&#8220;in_container&#8220; full_screen_row_position=&#8220;middle&#8220; scene_position=&#8220;center&#8220; text_color=&#8220;dark&#8220; text_align=&#8220;left&#8220; overlay_strength=&#8220;0.3&#8243; shape_divider_position=&#8220;bottom&#8220;][vc_column centered_text=&#8220;true&#8220; column_padding=&#8220;no-extra-padding&#8220; column_padding_position=&#8220;all&#8220; background_color_opacity=&#8220;1&#8243; background_hover_color_opacity=&#8220;1&#8243; column_shadow=&#8220;none&#8220; column_border_radius=&#8220;none&#8220; width=&#8220;1\/1&#8243; tablet_text_alignment=&#8220;default&#8220; phone_text_alignment=&#8220;default&#8220; column_border_width=&#8220;none&#8220; column_border_style=&#8220;solid&#8220;]<div class=\"divider-wrap\"><div style=\"height: 96px;\" class=\"divider\"><\/div><\/div>[vc_custom_heading text=&#8220;Premiumleistungen in jedem Ferienhaus&#8220; font_container=&#8220;tag:h2|text_align:center&#8220; use_theme_fonts=&#8220;yes&#8220;]<div class=\"divider-wrap\"><div style=\"height: 32px;\" class=\"divider\"><\/div><\/div><div class=\"divider-wrap\"><div style=\"margin-top: 16px; width: 100px; height: 3px; margin-bottom: 16px;\" data-width=\"100\" data-animate=\"\" data-animation-delay=\"\" data-color=\"accent-color\" class=\"divider-small-border\"><\/div><\/div><div class=\"divider-wrap\"><div style=\"height: 32px;\" class=\"divider\"><\/div><\/div>[vc_row_inner column_margin=&#8220;default&#8220; text_align=&#8220;left&#8220;][vc_column_inner column_padding=&#8220;no-extra-padding&#8220; column_padding_position=&#8220;all&#8220; background_color_opacity=&#8220;1&#8243; background_hover_color_opacity=&#8220;1&#8243; column_shadow=&#8220;none&#8220; column_border_radius=&#8220;none&#8220; width=&#8220;1\/2&#8243; column_border_width=&#8220;none&#8220; column_border_style=&#8220;solid&#8220;][vc_column_text]Unsere stilvollen, authentischen Ferienh\u00e4user sind hervorragend ausgestattet:<\/p>\n<ul>\n<li>Komplett ausgestattete K\u00fcche (Einzelheiten dazu entnehmen Sie bitte der Beschreibung des jeweiligen Hauses.)<\/li>\n<li>Nespresso Kaffeemaschine<\/li>\n<li>Qualitative Betten und Bettw\u00e4sche<\/li>\n<li>Haus- und Badw\u00e4sche<\/li>\n<li>\u00dcberdachte Terrasse und eigener Garten<\/li>\n<li>Grill und Gartenm\u00f6bel<\/li>\n<li>Kostenloses WLAN (au\u00dfer Ferme Cante Cocu)<\/li>\n<li>Fernseher mit Satellitenempfang<\/li>\n<li>Bluetooth Anlage<\/li>\n<li>Waschmaschine, B\u00fcgelbrett und B\u00fcgeleisen stehen zur Verf\u00fcgung.<\/li>\n<\/ul>\n[\/vc_column_text][\/vc_column_inner][vc_column_inner column_padding=&#8220;no-extra-padding&#8220; column_padding_position=&#8220;all&#8220; background_color_opacity=&#8220;1&#8243; background_hover_color_opacity=&#8220;1&#8243; column_shadow=&#8220;none&#8220; column_border_radius=&#8220;none&#8220; width=&#8220;1\/2&#8243; column_border_width=&#8220;none&#8220; column_border_style=&#8220;solid&#8220;][vc_column_text]Folgende Leistungen sind ebenfalls inbegriffen:<\/p>\n<ul>\n<li>Jeden Morgen frisches Geb\u00e4ck und Brot vor Ihrer Haust\u00fcr.<\/li>\n<li>&#8222;Starterset&#8220; mit Lebens- und Reinigungsmitteln f\u00fcr einen angenehmen Start in den Urlaub<\/li>\n<li>Nutzung des beheizten Swimmingpools (je nach Wetter von Mai bis Oktober), des Billardraums, des<\/li>\n<li>Petanque-Feldes, des Tennisplatzes im Dorf, des Waldes und der G\u00e4rten unseres Anwesens.<\/li>\n<li>Wenn Sie mit Kleinkindern reisen, stellen wir auf Wunsch eine entsprechende Ausstattung zur<\/li>\n<li>Verf\u00fcgung: Reisebett, Badewanne, Hochstuhl, Fl\u00e4schchenw\u00e4rmer, Buggy.<\/li>\n<li>Reinigung zu Beginn Ihres Aufenthalts, in der Wochenmitte und am Ende der Woche.<\/li>\n<li>Heizung und Holz f\u00fcr den Kamin (im Winter).<\/li>\n<li>G\u00e4steabgabe inbegriffen.<\/li>\n<\/ul>\n[\/vc_column_text][\/vc_column_inner][\/vc_row_inner]<div class=\"divider-wrap\"><div style=\"height: 64px;\" class=\"divider\"><\/div><\/div>[vc_column_text]Anreise ab 17 Uhr.<br \/>\nAm Tag der Abreise m\u00fcssen die H\u00e4user bis 10 Uhr verlassen werden.<br \/>\nIn der Hochsaison werden die H\u00e4user nur wochenweise vermietet (von Samstag bis Samstag).<br \/>\nIn der Vor- und Nachsaison m\u00fcssen mindestens drei \u00dcbernachtungen gebucht werden.<br \/>\nHaustiere sind im Domaine de La Valette und auf dem Bauernhof nicht zugelassen.<br \/>\nAlle H\u00e4user sind rauchfrei.[\/vc_column_text]<div class=\"divider-wrap\"><div style=\"height: 96px;\" class=\"divider\"><\/div><\/div>[\/vc_column][\/vc_row]","protected":false},"excerpt":{"rendered":"<p>[vc_row type=&#8220;in_container&#8220; full_screen_row_position=&#8220;middle&#8220; scene_position=&#8220;center&#8220; text_color=&#8220;dark&#8220; text_align=&#8220;left&#8220; overlay_strength=&#8220;0.3&#8243; shape_divider_position=&#8220;bottom&#8220;][vc_column column_padding=&#8220;no-extra-padding&#8220; column_padding_position=&#8220;all&#8220; background_color_opacity=&#8220;1&#8243; background_hover_color_opacity=&#8220;1&#8243; column_shadow=&#8220;none&#8220; column_border_radius=&#8220;none&#8220; width=&#8220;1\/6&#8243; tablet_text_alignment=&#8220;default&#8220; phone_text_alignment=&#8220;default&#8220; column_border_width=&#8220;none&#8220; column_border_style=&#8220;solid&#8220;][\/vc_column][vc_column column_padding=&#8220;no-extra-padding&#8220; column_padding_position=&#8220;all&#8220; background_color_opacity=&#8220;1&#8243; background_hover_color_opacity=&#8220;1&#8243; column_shadow=&#8220;none&#8220; column_border_radius=&#8220;none&#8220; width=&#8220;2\/3&#8243; tablet_text_alignment=&#8220;default&#8220; phone_text_alignment=&#8220;default&#8220; column_border_width=&#8220;none&#8220; column_border_style=&#8220;solid&#8220;][vc_column_text]&#8230;<\/p>\n","protected":false},"author":3,"featured_media":0,"parent":0,"menu_order":0,"comment_status":"closed","ping_status":"closed","template":"","meta":{"inline_featured_image":false,"footnotes":""},"class_list":["post-23","page","type-page","status-publish","hentry"],"_links":{"self":[{"href":"https:\/\/lavaletteperigord.com\/de\/wp-json\/wp\/v2\/pages\/23","targetHints":{"allow":["GET"]}}],"collection":[{"href":"https:\/\/lavaletteperigord.com\/de\/wp-json\/wp\/v2\/pages"}],"about":[{"href":"https:\/\/lavaletteperigord.com\/de\/wp-json\/wp\/v2\/types\/page"}],"author":[{"embeddable":true,"href":"https:\/\/lavaletteperigord.com\/de\/wp-json\/wp\/v2\/users\/3"}],"replies":[{"embeddable":true,"href":"https:\/\/lavaletteperigord.com\/de\/wp-json\/wp\/v2\/comments?post=23"}],"version-history":[{"count":103,"href":"https:\/\/lavaletteperigord.com\/de\/wp-json\/wp\/v2\/pages\/23\/revisions"}],"predecessor-version":[{"id":2566,"href":"https:\/\/lavaletteperigord.com\/de\/wp-json\/wp\/v2\/pages\/23\/revisions\/2566"}],"wp:attachment":[{"href":"https:\/\/lavaletteperigord.com\/de\/wp-json\/wp\/v2\/media?parent=23"}],"curies":[{"name":"wp","href":"https:\/\/api.w.org\/{rel}","templated":true}]}}