{"id":54,"date":"2018-02-07T11:06:28","date_gmt":"2018-02-07T11:06:28","guid":{"rendered":"http:\/\/lavalette.lewebfrancais.fr\/?page_id=54"},"modified":"2018-10-18T20:29:26","modified_gmt":"2018-10-18T20:29:26","slug":"cgv","status":"publish","type":"page","link":"https:\/\/lavaletteperigord.com\/de\/cgv\/","title":{"rendered":"Allgemeine Gesch\u00e4ftsbedingungen"},"content":{"rendered":"[vc_row type=&#8220;in_container&#8220; full_screen_row_position=&#8220;middle&#8220; scene_position=&#8220;center&#8220; text_color=&#8220;dark&#8220; text_align=&#8220;left&#8220; overlay_strength=&#8220;0.3&#8243; shape_divider_position=&#8220;bottom&#8220;][vc_column column_padding=&#8220;no-extra-padding&#8220; column_padding_position=&#8220;all&#8220; background_color_opacity=&#8220;1&#8243; background_hover_color_opacity=&#8220;1&#8243; column_shadow=&#8220;none&#8220; column_border_radius=&#8220;none&#8220; width=&#8220;1\/1&#8243; tablet_text_alignment=&#8220;default&#8220; phone_text_alignment=&#8220;default&#8220; column_border_width=&#8220;none&#8220; column_border_style=&#8220;solid&#8220;][vc_column_text]\n<h2><strong>ALLGEMEINE GESCH\u00c4FTSBEDINGUNGEN<\/strong><\/h2>\n[\/vc_column_text]<div class=\"divider-wrap\"><div style=\"height: 64px;\" class=\"divider\"><\/div><\/div>[vc_column_text]Art. 1 \u2013 BENENNUNG DER VERTRAGSPARTEIEN<\/p>\n<p>Die vorliegenden Allgemeinen Gesch\u00e4ftsbedingungen gelten f\u00fcr die Vermietung der Ferienh\u00e4user von Domaine de La Valette, 24510 Saint F\u00e9lix de Villadeix, Frankreich.<\/p>\n<p>Sie regeln die Beziehungen zwischen dem Betreiber, der SAS Domaine de La Valette \u2013 P\u00e9rigord, und dem Mieter (im Folgenden \u201eder Kunde\u201c genannt), der als vollj\u00e4hrige Person f\u00fcr das Mietverh\u00e4ltnis haftbar ist.<\/p>\n<p>&nbsp;<\/p>\n<p>Art. 2 \u2013 ALLGEMEINE BESTIMMUNGEN<\/p>\n<p>Die Mietbedingungen sind in den vorliegenden \u201eAllgemeinen Gesch\u00e4ftsbedingungen\u201c und im Mietvertrag festgelegt. Der Mietvertrag wird bei der Buchung von beiden Parteien unterzeichnet.<\/p>\n<p>Ver\u00e4nderungen des Vertrages (Streichungen, Aufpreis) bed\u00fcrfen der schriftlichen Zustimmung beider Parteien.<\/p>\n<p>&nbsp;<\/p>\n<p>Art. 3 &#8211; VERTRAULICHKEIT<\/p>\n<p>Der Eigent\u00fcmer verpflichtet sich, keine Informationen, die ihm der Mieter bei Abschluss des vorliegenden Vertrages mitgeteilt hat, an Dritte weiterzugeben.<\/p>\n<p>Allerdings gilt diese Bestimmung nicht, wenn diese Ausk\u00fcnfte von Beh\u00f6rden und\/oder Gerichten angefordert werden.<\/p>\n<p>&nbsp;<\/p>\n<p>Art. 4 &#8211; AUFENTHALTSDAUER<\/p>\n<p>Der Mietvertrag ist auf eine bestimmte Dauer befristet. Deshalb kann der Kunde unter keinen Umst\u00e4nden Anspruch darauf erheben, l\u00e4nger als bei der Buchung vorgesehen zu bleiben.<\/p>\n<p>Die Aufenthaltsdauer betr\u00e4gt in der Hochsaison mindestens eine Woche und in der Vor- und Nachsaison mindestens drei \u00dcbernachtungen (es sei denn, es wurde ein anders lautender Vertrag abgeschlossen).<\/p>\n<p>&nbsp;<\/p>\n<p>Art. 5 \u2013 ANZAHL UND IDENTIT\u00c4T DER BEWOHNER<\/p>\n<p>Es d\u00fcrfen nicht mehr Personen in dem Ferienhaus wohnen, als im Vertrag angegeben, andernfalls kann das Mietverh\u00e4ltnis aufgel\u00f6st werden.<\/p>\n<p>Nichtsdestoweniger k\u00f6nnen zus\u00e4tzliche Bewohner akzeptiert werden (wenn dadurch die Belegungskapazit\u00e4t nicht \u00fcberschritten wird). In diesem Fall ist f\u00fcr jede zus\u00e4tzlich Person ein entsprechender Aufenthaltspreis zu entrichten.<\/p>\n<p>Das Mietverh\u00e4ltnis kann nicht auf Dritte \u00fcbertragen werden, es sei denn es liegt daf\u00fcr das schriftliche Einverst\u00e4ndnis des Eigent\u00fcmers vor.<\/p>\n<p>Der Mieter darf das Ferienhaus auf keinen Fall untervermieten, auch nicht kostenlos. Andernfalls gilt der Mietvertrag als aufgel\u00f6st.<\/p>\n<p>&nbsp;<\/p>\n<p>Art. 6 &#8211; PREISE<\/p>\n<p>Die Preise und die Zeitr\u00e4ume, f\u00fcr die sie gelten, sind unter der Rubrik \u201ePreise\u201c angegeben.<\/p>\n<p>Im Falle einer Preis\u00e4nderung wird der Preis berechnet, der am Buchungsdatum galt und in dem Vertrag aufgef\u00fchrt ist, der dem Kunden zugesandt wurde. Die angegebenen Preise gelten f\u00fcr die Mietzeitr\u00e4ume und Leistungen, die unter der Rubrik \u201ePreise\u201c aufgef\u00fchrt sind.<\/p>\n<p>Bei Mietanfragen f\u00fcr Zeitr\u00e4ume, die nicht unter der Rubrik \u201ePreise\u201c angeboten werden oder andere als die angebotenen Leistungen enthalten, wird ein separates Angebot erstellt.<\/p>\n<p>&nbsp;<\/p>\n<p>Art. 7 &#8211; ZAHLUNG<\/p>\n<p>Die Buchung wird verbindlich, sobald der Kunde eine Anzahlung in H\u00f6he von 25\u00a0% des gesamten Aufenthaltspreises geleistet und ein unterzeichnetes Vertragsexemplar zur\u00fcckgesendet hat. Der Vertrag umfasst den vollen Wortlaut der vorliegenden Allgemeinen Gesch\u00e4ftsbedingungen. Er muss mit dem Vermerk \u201eGelesen und genehmigt\u201c versehen und ordnungsgem\u00e4\u00df unterschrieben werden.<\/p>\n<p>Der Restbetrag ist sp\u00e4testens am Abreisetag zu begleichen.<\/p>\n<p>&nbsp;<\/p>\n<p>Art. 8 \u2013 NUTZUNG DER R\u00c4UMLICHKEITEN<\/p>\n<p>Der Mieter verpflichtet sich, pfleglich mit dem Ferienhaus umzugehen und es angemessen und zweckentsprechend zu nutzen.<\/p>\n<p>Der Mieter verpflichtet sich ferner, das Ferienhaus so sauber zu hinterlassen, wie er es bei seiner Anreise vorgefunden hat.<\/p>\n<p>S\u00e4mtliche auf der Inventarliste aufgef\u00fchrten Gegenst\u00e4nde m\u00fcssen sich wieder an der Stelle befinden, wo sie am Anreisetag waren.<\/p>\n<p>Der Mieter darf keine gro\u00dfen M\u00f6bel verschieben und muss alle M\u00f6bel wieder an die Stelle zur\u00fcckstellen, an der sie sich am Anreisetag befanden.<\/p>\n<p>Sollte der Eigent\u00fcmer nach Abreise des Mieters noch Sch\u00e4den feststellen, so benachrichtigt er den Mieter innerhalb von acht Tagen dar\u00fcber. Reparaturen, die durch den nachl\u00e4ssigen Umgang des Mieters mit dem Mietobjekt n\u00f6tig werden, gehen unabh\u00e4ngig von ihrem Umfang zulasten des Mieters.<\/p>\n<p>Die vermieteten R\u00e4umlichkeiten sind f\u00fcr einen vor\u00fcbergehenden Aufenthalt bzw. einen Ferienaufenthalt bestimmt. Sie d\u00fcrfen nicht zur Aus\u00fcbung einer beruflichen, gewerblichen oder handwerklichen T\u00e4tigkeit genutzt werden und auch nicht als zus\u00e4tzliche oder gelegentliche Wohnung dienen (h\u00f6chstens 3 Monate).<\/p>\n<p>Es ist streng verboten, Zelte oder Wohnwagen auf dem Gel\u00e4nde des Anwesens aufzustellen.<\/p>\n<p>&nbsp;<\/p>\n<p>Art. 9 \u2013 AN- UND ABREISE<\/p>\n<p>Anreise ab 17 Uhr, Abreise vor 10 Uhr.<\/p>\n<p>&nbsp;<\/p>\n<p>Art. 10 &#8211; KINDERSICHERHEIT<\/p>\n<p>Wir fordern Sie auf, besonders auf die Sicherheit der Kinder zu achten. Unbeaufsichtigte Kinder k\u00f6nnen auf dem Anwesen verschiedenen Gefahren ausgesetzt sein: Swimmingpool, Bach, Steinmauern, K\u00fche und Pferde in der N\u00e4he, Reiter, kein Zaun und dadurch ungehinderter Zugang zum Wald und den umliegenden Feldern usw.<\/p>\n<p>Wir bitten Sie, Ihre Kinder darauf aufmerksam zu machen und st\u00e4ndig auf ihre Sicherheit zu achten.<\/p>\n<p>&nbsp;<\/p>\n<p>Art. 12 \u2013 NUTZUNG DER GEMEINSCHAFTSANLAGEN<\/p>\n<p>Der Eigent\u00fcmer stellt den Mietern der Ferienh\u00e4user verschiedene Anlagen zur Verf\u00fcgung (Swimmingpool, Pferdestall, Garten, P\u00e9tanque-Feld, Tischtennisplatte, Parkplatz usw.), die von allen Mietern genutzt werden k\u00f6nnen.<\/p>\n<p>Diese Anlagen sind im Einvernehmen mit den anderen Mietern zu nutzen, ohne deren Ruhe zu beeintr\u00e4chtigen.<\/p>\n<p>Insbesondere ist darauf zu achten, den Schlaf unserer G\u00e4ste nicht zu st\u00f6ren (L\u00e4rm bei sp\u00e4ter Anreise, Abendessen, Spiele im Garten oder im Swimmingpool usw.). So wird sichergestellt, dass alle G\u00e4ste einen angenehmen Urlaub verbringen.<\/p>\n<p>Der Eigent\u00fcmer beh\u00e4lt sich das Recht vor, Personen, die andere G\u00e4ste st\u00f6ren oder diese Vorschriften nicht beachten, den Zutritt zu den Gemeinschaftsanlagen zu verwehren, oder das Mietverh\u00e4ltnis mit diesen Personen aufzul\u00f6sen (siehe K\u00fcndigungsklauseln).<\/p>\n<p>Die Bewohner nutzen die Gemeinschaftsanlagen auf eigene Verantwortung. Insbesondere gilt dies f\u00fcr den Swimmingpool: Die Mieter verpflichten sich, dort selbst f\u00fcr die Sicherheit ihrer Kinder und Mitreisenden zu sorgen.<\/p>\n<p>&nbsp;<\/p>\n<p>Art. 12 &#8211; HAUSTIERE<\/p>\n<p>Auf dem Anwesen befinden sich auch Reiter, Pferde und andere Tiere. Deshalb k\u00f6nnen aus Sicherheitsgr\u00fcnden leider keine Haustiere zugelassen werden.<\/p>\n<p>&nbsp;<\/p>\n<p>Art. 13 \u2013 UNTERBRINGUNG VON PFERDEN<\/p>\n<p>Die Mieter k\u00f6nnen auch ihre eigenen Pferde in den Urlaub auf Domaine de La Valette mitbringen. Es ist allerdings nicht m\u00f6glich, nur die Pferde auf dem Anwesen unterzubringen.<\/p>\n<p>Die Unterbringungsleistungen f\u00fcr Pferde sind unserer Website und dem Mietvertrag zu entnehmen.<\/p>\n<p>F\u00fcr die Unterbringung von Pferden ist pro Pferd eine Tagespauschale zu entrichten. Die H\u00f6he dieser Pauschale richtet sich nach den in Anspruch genommenen Leistungen und dem Futter.<\/p>\n<p>Domaine de La Valette stellt verschiedene Anlagen zur Verf\u00fcgung: Wiese, Paddock, Reitbahn, Sattelraum, \u2026 Die Pferdebesitzer benutzen diese Anlagen auf eigene Verantwortung und im Einvernehmen mit den anderen Pferdebesitzern, die auf dem Anwesen zu Gast sind.<\/p>\n<p>Der Eigent\u00fcmer von Domaine de La Valette beh\u00e4lt sich das Recht vor, bei der Unterbringung der Pferde das Wesen und die Eigenheiten der Tiere (Geschlecht, Verhalten, Unvertr\u00e4glichkeit usw.) zu ber\u00fccksichtigen.<\/p>\n<p>Voraussetzung f\u00fcr die Aufnahme der Tiere ist die Vorlage folgender Unterlagen: g\u00fcltiger Impfausweis, Entwurmungsbescheinigung und g\u00fcltige Versicherungsbescheinigung.<\/p>\n<p>&nbsp;<\/p>\n<p>Art. 14 &#8211; K\u00dcNDIGUNGSBEDINGUNGEN<\/p>\n<p>K\u00fcndigungen m\u00fcssen schriftlich per Post oder E-Mail erfolgen:<\/p>\n<ol>\n<li>a) K\u00fcndigung seitens des Mieters:<\/li>\n<\/ol>\n<p>Der Mieter muss dem Eigent\u00fcmer seine K\u00fcndigung per Post oder E-Mail an die oben genannte Adresse mitteilen. Ma\u00dfgeblich f\u00fcr die K\u00fcndigung ist das Datum des Eingangs der Mitteilung beim Eigent\u00fcmer.<\/p>\n<p>Der Mieter muss den gesamten Mietpreis bezahlen, es sei denn, er kann belegen, dass h\u00f6here Gewalt vorliegt (unvorhersehbares, unabwendbares Ereignis, das nicht auf den Mieter zur\u00fcckzuf\u00fchren ist). Liegt nachweislich h\u00f6here Gewalt vor, muss der Eigent\u00fcmer innerhalb von 30 Tagen ab Eingang der K\u00fcndigung die gesamte Anzahlung zur\u00fcckerstatten.<\/p>\n<ol>\n<li>b) Wenn der Mieter nicht zum vertraglich festgesetzten Termin erschienen ist und sich auch in den folgenden 24 Stunden nicht meldet, gilt Folgendes, ohne dass der Eigent\u00fcmer dies mitteilen muss:<\/li>\n<\/ol>\n<p>&#8211; Der vorliegende Vertrag gilt als aufgel\u00f6st.<\/p>\n<p>&#8211; Der Mieter muss den gesamten Mietpreis bezahlen.<\/p>\n<p>&#8211; Der Eigent\u00fcmer kann wieder \u00fcber das Mietobjekt verf\u00fcgen.<\/p>\n<ol>\n<li>c) Stellt sich bei der Anreise heraus, dass der Mieter das Ferienhaus mit mehr Personen beziehen will, als im Vertrag angegeben sind, oder dass er ein Haustier dabei hat, das bei Unterzeichnung des Vertrags nicht angegeben wurde bzw. vom Vermieter nicht schriftlich akzeptiert wurde, f\u00fchrt dies gem\u00e4\u00df Paragraf 14 b) zur Aufl\u00f6sung des Vertrages.<\/li>\n<li>d) K\u00fcndigung seitens des Eigent\u00fcmers:<\/li>\n<\/ol>\n<p>Der Eigent\u00fcmer muss dem Mieter seine K\u00fcndigung per Post oder E-Mail an die oben genannte Adresse mitteilen. Ma\u00dfgeblich f\u00fcr die K\u00fcndigung ist das Datum des Eingangs der Mitteilung beim Mieter.<\/p>\n<p>Vor Bezug des Ferienhauses:<\/p>\n<p>K\u00fcndigt der Eigent\u00fcmer den vorliegenden Vertrag vor Bezug des Ferienhauses, zahlt er dem Mieter f\u00fcr den erlittenen immateriellen und finanziellen Schaden eine Entsch\u00e4digung in H\u00f6he des doppelten Betrags der Anzahlung. Dies gilt nicht, wenn h\u00f6here Gewalt vorliegt.<\/p>\n<p>Die R\u00fcckzahlung wird dem Mieter innerhalb von 15 Tagen ab Mitteilung der K\u00fcndigung per Einschreiben mit Empfangsschein zugestellt.<\/p>\n<p>Nach Bezug des Ferienhauses:<\/p>\n<p>W\u00e4hrend der Mietzeit kann der Eigent\u00fcmer das Mietverh\u00e4ltnis nur dann aufl\u00f6sen, wenn daf\u00fcr triftige, nachweisbare Gr\u00fcnde vorliegen (nachweisliche Besch\u00e4digung der vermieteten R\u00e4umlichkeiten, Klagen seitens der Nachbarn, Vorhandensein nicht akzeptierter Tiere, Vorhandensein von nicht im Vertrag aufgef\u00fchrten Personen usw.)<\/p>\n<p>In diesem Fall beh\u00e4lt der Eigent\u00fcmer den gesamten Mietpreis ein, und zwar unabh\u00e4ngig vom K\u00fcndigungsgrund.<\/p>\n<ol>\n<li>e) Bei vorzeitiger Abreise des Mieters erfolgt keine Teilr\u00fcckzahlung.<\/li>\n<\/ol>\n<p>&nbsp;<\/p>\n<p>Art. 16 \u2013 ABBRUCH DES AUFENTHALTS<\/p>\n<p>Bricht der Mieter seinen Aufenthalt vorzeitig ab, ohne dass der Eigent\u00fcmer daf\u00fcr zur Verantwortung gezogen werden k\u00f6nnte, wird keine R\u00fcckzahlung geleistet.<\/p>\n<p>Kann der Mieter schwerwiegende Gr\u00fcnde im Sinne der Einwirkung h\u00f6herer Gewalt (unvorhersehbares, unabwendbares Ereignis, das nicht auf den Mieter zur\u00fcckzuf\u00fchren ist) nachweisen, die einer Weiterf\u00fchrung des Mietverh\u00e4ltnisses entgegenstehen, wird der Vertrag von Rechts wegen aufgel\u00f6st. In diesem Fall wird der vom Mieter bereits gezahlte Mietpreis je nach verbleibender Mietdauer zeitanteilig zur\u00fcckerstattet.<\/p>\n<p>&nbsp;<\/p>\n<p>&nbsp;<\/p>\n<p>Art. 17 \u2013 STREITIGKEITEN UND REKLAMATIONEN<\/p>\n<p>Reklamationen m\u00fcssen innerhalb von h\u00f6chstens 8 Tagen ab dem vertraglich festgesetzten Aufenthaltsende per Einschreiben mit Empfangsschein mitgeteilt werden.<\/p>\n<p>F\u00fcr Streitigkeiten sind ausschlie\u00dflich die Gerichte im Departement Dordogne zust\u00e4ndig.[\/vc_column_text][\/vc_column][\/vc_row]","protected":false},"excerpt":{"rendered":"<p>[vc_row type=&#8220;in_container&#8220; full_screen_row_position=&#8220;middle&#8220; scene_position=&#8220;center&#8220; text_color=&#8220;dark&#8220; text_align=&#8220;left&#8220; overlay_strength=&#8220;0.3&#8243; shape_divider_position=&#8220;bottom&#8220;][vc_column column_padding=&#8220;no-extra-padding&#8220; column_padding_position=&#8220;all&#8220; background_color_opacity=&#8220;1&#8243; background_hover_color_opacity=&#8220;1&#8243; column_shadow=&#8220;none&#8220; column_border_radius=&#8220;none&#8220; width=&#8220;1\/1&#8243; tablet_text_alignment=&#8220;default&#8220; phone_text_alignment=&#8220;default&#8220; column_border_width=&#8220;none&#8220; column_border_style=&#8220;solid&#8220;][vc_column_text] ALLGEMEINE GESCH\u00c4FTSBEDINGUNGEN [\/vc_column_text][vc_column_text]Art. 1 \u2013 BENENNUNG DER VERTRAGSPARTEIEN Die vorliegenden Allgemeinen&#8230;<\/p>\n","protected":false},"author":3,"featured_media":0,"parent":0,"menu_order":0,"comment_status":"closed","ping_status":"closed","template":"","meta":{"inline_featured_image":false,"footnotes":""},"class_list":["post-54","page","type-page","status-publish","hentry"],"_links":{"self":[{"href":"https:\/\/lavaletteperigord.com\/de\/wp-json\/wp\/v2\/pages\/54","targetHints":{"allow":["GET"]}}],"collection":[{"href":"https:\/\/lavaletteperigord.com\/de\/wp-json\/wp\/v2\/pages"}],"about":[{"href":"https:\/\/lavaletteperigord.com\/de\/wp-json\/wp\/v2\/types\/page"}],"author":[{"embeddable":true,"href":"https:\/\/lavaletteperigord.com\/de\/wp-json\/wp\/v2\/users\/3"}],"replies":[{"embeddable":true,"href":"https:\/\/lavaletteperigord.com\/de\/wp-json\/wp\/v2\/comments?post=54"}],"version-history":[{"count":8,"href":"https:\/\/lavaletteperigord.com\/de\/wp-json\/wp\/v2\/pages\/54\/revisions"}],"predecessor-version":[{"id":1236,"href":"https:\/\/lavaletteperigord.com\/de\/wp-json\/wp\/v2\/pages\/54\/revisions\/1236"}],"wp:attachment":[{"href":"https:\/\/lavaletteperigord.com\/de\/wp-json\/wp\/v2\/media?parent=54"}],"curies":[{"name":"wp","href":"https:\/\/api.w.org\/{rel}","templated":true}]}}