{"id":1308,"date":"2018-11-20T11:09:02","date_gmt":"2018-11-20T11:09:02","guid":{"rendered":"https:\/\/lavaletteperigord.com\/?page_id=1308"},"modified":"2018-11-20T16:32:45","modified_gmt":"2018-11-20T16:32:45","slug":"gite-piscine-chauffee-dordogne-perigord","status":"publish","type":"page","link":"https:\/\/lavaletteperigord.com\/en\/gite-piscine-chauffee-dordogne-perigord\/","title":{"rendered":"(Fran\u00e7ais) G\u00eete avec piscine chauff\u00e9e Dordogne P\u00e9rigord"},"content":{"rendered":"<p class=\"qtranxs-available-languages-message qtranxs-available-languages-message-en\">Sorry, this entry is only available in <a href=\"https:\/\/lavaletteperigord.com\/fr\/wp-json\/wp\/v2\/pages\/1308\" class=\"qtranxs-available-language-link qtranxs-available-language-link-fr\" title=\"Fran\u00e7ais\">Fran\u00e7ais<\/a>.<\/p>","protected":false},"excerpt":{"rendered":"<p>Sorry, this entry is only available in Fran\u00e7ais.<\/p>\n","protected":false},"author":3,"featured_media":0,"parent":0,"menu_order":0,"comment_status":"closed","ping_status":"closed","template":"","meta":{"inline_featured_image":false,"footnotes":""},"class_list":["post-1308","page","type-page","status-publish","hentry"],"_links":{"self":[{"href":"https:\/\/lavaletteperigord.com\/en\/wp-json\/wp\/v2\/pages\/1308","targetHints":{"allow":["GET"]}}],"collection":[{"href":"https:\/\/lavaletteperigord.com\/en\/wp-json\/wp\/v2\/pages"}],"about":[{"href":"https:\/\/lavaletteperigord.com\/en\/wp-json\/wp\/v2\/types\/page"}],"author":[{"embeddable":true,"href":"https:\/\/lavaletteperigord.com\/en\/wp-json\/wp\/v2\/users\/3"}],"replies":[{"embeddable":true,"href":"https:\/\/lavaletteperigord.com\/en\/wp-json\/wp\/v2\/comments?post=1308"}],"version-history":[{"count":5,"href":"https:\/\/lavaletteperigord.com\/en\/wp-json\/wp\/v2\/pages\/1308\/revisions"}],"predecessor-version":[{"id":1377,"href":"https:\/\/lavaletteperigord.com\/en\/wp-json\/wp\/v2\/pages\/1308\/revisions\/1377"}],"wp:attachment":[{"href":"https:\/\/lavaletteperigord.com\/en\/wp-json\/wp\/v2\/media?parent=1308"}],"curies":[{"name":"wp","href":"https:\/\/api.w.org\/{rel}","templated":true}]}}